{"id":55,"date":"2016-02-13T16:09:48","date_gmt":"2016-02-13T16:09:48","guid":{"rendered":"http:\/\/www.hts-dithmarschen.de\/?page_id=55"},"modified":"2019-03-18T18:38:24","modified_gmt":"2019-03-18T18:38:24","slug":"startseite-2","status":"publish","type":"page","link":"https:\/\/www.hts-dithmarschen.de\/","title":{"rendered":"Startseite"},"content":{"rendered":"<p>Wir beliefern Sie kostenfrei bis vor die Haust\u00fcr. Oder besuchen Sie uns in unserem Gesch\u00e4ft in Oesterwurth, Oken 3.<\/p>\n<p>Unsere \u00d6ffnungszeiten sind:<\/p>\n<p>Donnerstag 14.00 Uhr &#8211; 18.00 Uhr<br \/>\nFreitag \u00a0 \u00a0 \u00a0 \u00a0 \u00a014.00 Uhr &#8211; 18.00 Uhr<br \/>\nSamstag \u00a0 \u00a0 \u00a0 08.00 Uhr &#8211; 13.00 Uhr<\/p>\n<p>Jeden Mittwoch sind wir von 07.00 Uhr &#8211; 13.00 Uhr auf dem Wochenmarkt in St. Peter-Ording mit unserem Stand vor Ort.<\/p>\n<p>Informieren Sie sich gerne hier vorab \u00fcber unsere Produkte und Verkaufspartner.<\/p>\n<p>Informationen zu\u00a0<a href=\"http:\/\/hts-dithmarschen.de\/wp-content\/uploads\/2016\/02\/josera-hundefutter-prospekt-super-premium.pdf\" target=\"_blank\" rel=\"noopener noreferrer\">Hundefutter<\/a>\u00a0,\u00a0<a href=\"http:\/\/hts-dithmarschen.de\/wp-content\/uploads\/2016\/02\/josera-katzenfutter.pdf\" target=\"_blank\" rel=\"noopener noreferrer\">Katzenfutter<\/a>\u00a0und\u00a0Pferdefutter\u00a0von Josera<\/p>\n<p>Wir freuen uns auf Ihren Besuch und Ihre Anfragen.<\/p>\n<p>&nbsp;<\/p>\n<ul>\n<li>Telefon: 04833 425780<\/li>\n<li>Mobil: 0172 4122005<\/li>\n<li>Fax: 04833 425820<\/li>\n<li>E-Mail: kontakt@hts-dithmarschen.de<\/li>\n<\/ul>\n<p style=\"text-align: center;\"><a href=\"http:\/\/www.hts-dithmarschen.de\/?page_id=78\">Impressum<\/a><\/p>\n","protected":false},"excerpt":{"rendered":"<p>Wir beliefern Sie kostenfrei bis vor die Haust\u00fcr. Oder besuchen Sie uns in unserem Gesch\u00e4ft in Oesterwurth, Oken 3. Unsere \u00d6ffnungszeiten sind: Donnerstag 14.00 Uhr &#8211; 18.00 Uhr Freitag \u00a0 \u00a0 \u00a0 \u00a0 \u00a014.00 Uhr &#8211; 18.00 Uhr Samstag \u00a0 \u00a0 \u00a0 08.00 Uhr &#8211; 13.00 Uhr Jeden Mittwoch sind wir von 07.00 Uhr &#8211; 13.00 Uhr auf dem Wochenmarkt&#8230; <a href=\"https:\/\/www.hts-dithmarschen.de\/\">Read more &raquo;<\/a><\/p>\n","protected":false},"author":1,"featured_media":0,"parent":0,"menu_order":0,"comment_status":"closed","ping_status":"closed","template":"","meta":{"footnotes":""},"class_list":["post-55","page","type-page","status-publish","hentry"],"_links":{"self":[{"href":"https:\/\/www.hts-dithmarschen.de\/index.php?rest_route=\/wp\/v2\/pages\/55","targetHints":{"allow":["GET"]}}],"collection":[{"href":"https:\/\/www.hts-dithmarschen.de\/index.php?rest_route=\/wp\/v2\/pages"}],"about":[{"href":"https:\/\/www.hts-dithmarschen.de\/index.php?rest_route=\/wp\/v2\/types\/page"}],"author":[{"embeddable":true,"href":"https:\/\/www.hts-dithmarschen.de\/index.php?rest_route=\/wp\/v2\/users\/1"}],"replies":[{"embeddable":true,"href":"https:\/\/www.hts-dithmarschen.de\/index.php?rest_route=%2Fwp%2Fv2%2Fcomments&post=55"}],"version-history":[{"count":10,"href":"https:\/\/www.hts-dithmarschen.de\/index.php?rest_route=\/wp\/v2\/pages\/55\/revisions"}],"predecessor-version":[{"id":88,"href":"https:\/\/www.hts-dithmarschen.de\/index.php?rest_route=\/wp\/v2\/pages\/55\/revisions\/88"}],"wp:attachment":[{"href":"https:\/\/www.hts-dithmarschen.de\/index.php?rest_route=%2Fwp%2Fv2%2Fmedia&parent=55"}],"curies":[{"name":"wp","href":"https:\/\/api.w.org\/{rel}","templated":true}]}}